{"id":52,"date":"2016-06-05T18:05:32","date_gmt":"2016-06-05T18:05:32","guid":{"rendered":"http:\/\/totaltheme.wpengine.com\/zoo\/?page_id=2"},"modified":"2021-04-06T02:35:46","modified_gmt":"2021-04-06T00:35:46","slug":"home","status":"publish","type":"page","link":"https:\/\/www.sosessaimbruxelles.be\/","title":{"rendered":"Home"},"content":{"rendered":"[vc_row full_width=\u00a0\u00bbstretch_row\u00a0\u00bb parallax=\u00a0\u00bbvcex_parallax\u00a0\u00bb parallax_image=\u00a0\u00bb73&Prime; parallax_style=\u00a0\u00bbfixed-no-repeat\u00a0\u00bb parallax_direction=\u00a0\u00bbdown\u00a0\u00bb wpex_bg_overlay=\u00a0\u00bbdark\u00a0\u00bb css=\u00a0\u00bb.vc_custom_1617551074519{padding-top: 100px !important;padding-bottom: 100px !important;background-position: center;background-repeat: no-repeat !important;background-size: cover !important;}\u00a0\u00bb el_class=\u00a0\u00bbtextcenter\u00a0\u00bb local_scroll_id=\u00a0\u00bbwelcome\u00a0\u00bb wpex_bg_overlay_color=\u00a0\u00bb#000000&Prime; wpex_bg_overlay_opacity=\u00a0\u00bb0.4&Prime;][vc_column]<div class=\"vcex-spacing wpex-w-100 wpex-clear\" style=\"height:30px\"><\/div><div class=\"vcex-spacing wpex-w-100 wpex-clear hidden-phone\" style=\"height:45px\"><\/div><h1 class=\"vcex-heading vcex-module wpex-text-2xl wpex-font-normal wpex-m-auto wpex-max-w-100 vcex-heading-plain wpex-block wpex-text-center vc_custom_1617655344824\" style=\"color:#ffffff;font-size:40px;text-transform:uppercase;\"><span class=\"vcex-heading-inner wpex-inline-block wpex-clr\">R\u00e9cup\u00e9ration d'essaims d'abeille gratuit<\/span><\/h1>[vc_column_text color=\u00a0\u00bb#ffffff\u00a0\u00bb font_size=\u00a0\u00bb28&Prime;]\n<p style=\"text-align: center;\">Vous avez rep\u00e9r\u00e9 un essaim d\u2019abeilles pr\u00e8s de chez vous ?<br \/>\nNous le r\u00e9cup\u00e9rons gratuitement&#8230;<\/p>\n<p style=\"text-align: center;\">Ne d\u00e9truisez pas les abeilles, mais participez \u00e0 leur sauvegarde en contactant un <strong>apiculteur <\/strong> qui viendra r\u00e9colter cet essaim<br \/>\nen nous appelant au<\/p>\n[\/vc_column_text]<div class=\"vcex-spacing wpex-w-100 wpex-clear\" style=\"height:30px\"><\/div><a href=\"tel:0472538899\" class=\"vcex-button theme-button inline margin-right-10px\" style=\"background:#f78f1e;font-size:25px;font-weight:400;letter-spacing:1px;\" data-wpex-hover='{&quot;background&quot;:&quot;#e5761b&quot;}'><span class=\"theme-button-inner\">0472 53 88 99<\/span><\/a> <div class=\"vcex-spacing wpex-w-100 wpex-clear hidden-phone\" style=\"height:60px\"><\/div>[\/vc_column][\/vc_row][vc_row column_spacing=\u00a0\u00bb40&Prime; center_row=\u00a0\u00bbyes\u00a0\u00bb css=\u00a0\u00bb.vc_custom_1465236022316{padding-top: 60px !important;padding-bottom: 30px !important;}\u00a0\u00bb local_scroll_id=\u00a0\u00bbvisit\u00a0\u00bb][vc_column width=\u00a0\u00bb1\/3&Prime;]<h3 class=\"vcex-heading vcex-module wpex-text-2xl wpex-font-normal wpex-m-auto wpex-max-w-100 vcex-heading-bottom-border-w-color wpex-block vc_custom_1489708244512 wpex-border-b-2 wpex-border-solid wpex-border-gray-200\" style=\"font-size:24px;\"><span class=\"vcex-heading-inner wpex-inline-block wpex-clr wpex-relative wpex-pb-5 wpex-border-b-2 wpex-border-solid wpex-border-accent\" style=\"border-color:#f78f1e;\"><span class=\"vcex-icon-wrap wpex-mr-15\"><span class=\"ticon ticon-clock-o\" aria-hidden=\"true\"><\/span><\/span>Now Open<\/span><\/h3>[vc_column_text]Yes &#8211; we&rsquo;re officially open for business! Come by any day of\u00a0the week:<\/p>\n<ul>\n<li>M-F 9am-7pm<\/li>\n<li>Sat 9am-10pm<\/li>\n<li>Sun\u00a010am-7pm<\/li>\n<\/ul>\n[\/vc_column_text][\/vc_column][vc_column width=\u00a0\u00bb1\/3&Prime;]<h3 class=\"vcex-heading vcex-module wpex-text-2xl wpex-font-normal wpex-m-auto wpex-max-w-100 vcex-heading-bottom-border-w-color wpex-block vc_custom_1489708249964 wpex-border-b-2 wpex-border-solid wpex-border-gray-200\" style=\"font-size:24px;\"><span class=\"vcex-heading-inner wpex-inline-block wpex-clr wpex-relative wpex-pb-5 wpex-border-b-2 wpex-border-solid wpex-border-accent\" style=\"border-color:#009bc9;\"><span class=\"vcex-icon-wrap wpex-mr-15\"><span class=\"ticon ticon-map-marker\" aria-hidden=\"true\"><\/span><\/span>We're Close<\/span><\/h3>[vc_column_text]We&rsquo;re conveniently located off of the main highway right here\u00a0in town:<\/p>\n<p style=\"padding-left: 30px;\"><strong>Local Zoo<\/strong><br \/>\n1234 Zoo Way<br \/>\nAnytown, USA<\/p>\n[\/vc_column_text][\/vc_column][vc_column width=\u00a0\u00bb1\/3&Prime;]<h2 class=\"vcex-heading vcex-module wpex-text-2xl wpex-font-normal wpex-m-auto wpex-max-w-100 vcex-heading-bottom-border-w-color wpex-block vc_custom_1489708254543 wpex-border-b-2 wpex-border-solid wpex-border-gray-200\" style=\"font-size:24px;\"><span class=\"vcex-heading-inner wpex-inline-block wpex-clr wpex-relative wpex-pb-5 wpex-border-b-2 wpex-border-solid wpex-border-accent\" style=\"border-color:#a5c645;\"><span class=\"vcex-icon-wrap wpex-mr-15\"><span class=\"ticon ticon-ticket\" aria-hidden=\"true\"><\/span><\/span>Come Visit<\/span><\/h2>[vc_column_text]We&rsquo;d love to see you! Tickets are available at the gate as well as right here online. Or call us for discounted group rates![\/vc_column_text]<div class=\"vcex-spacing wpex-w-100 wpex-clear\" style=\"height:20px\"><\/div><a href=\"http:\/\/themeforest.net\/item\/total-responsive-multipurpose-wordpress-theme\/6339019?ref=WPExplorer\" title=\"Get Zoo Tickets\" class=\"vcex-button theme-button inline\" target=\"_blank\" style=\"background:#a5c645;letter-spacing:1px;\" rel=\"noopener noreferrer\" data-wpex-hover='{&quot;background&quot;:&quot;#8db23e&quot;}'><span class=\"theme-button-inner\">Get Zoo Tickets<\/span><\/a> [\/vc_column][\/vc_row][vc_row full_width=\u00a0\u00bbstretch_row\u00a0\u00bb css=\u00a0\u00bb.vc_custom_1617640292143{background-color: #fbb800 !important;}\u00a0\u00bb local_scroll_id=\u00a0\u00bbanimals\u00a0\u00bb][vc_column]<div class=\"vcex-spacing wpex-w-100 wpex-clear\" style=\"height:30px\"><\/div><div class=\"vcex-spacing wpex-w-100 wpex-clear hidden-phone\" style=\"height:45px\"><\/div><h2 class=\"vcex-heading vcex-module wpex-text-2xl wpex-font-normal wpex-m-auto wpex-max-w-100 vcex-heading-plain wpex-block wpex-text-center vc_custom_1617555328553\" style=\"color:#ffffff;font-size:28px;\"><span class=\"vcex-heading-inner wpex-inline-block wpex-clr\">La r\u00e9cup\u00e9ration d\u2019essaim d\u2019abeilles \u00e0 Bruxelles<\/span><\/h2>[vc_column_text color=\u00a0\u00bb#ffffff\u00a0\u00bb font_size=\u00a0\u00bb18&Prime;]\n<p style=\"text-align: center;\">R\u00e9cup\u00e9ration gratuite des essaims d\u2019abeilles se posant \u00e0 proximit\u00e9 de vos locaux.<\/p>\n<p>Sosessaimbruxelles.be intervient gratuitement et rapidement, gr\u00e2ce \u00e0 la pr\u00e9sence des <strong>apiculteurs bruxellois<\/strong> passionn\u00e9s qui connaissent parfaitement le comportement des abeilles dans les villes, nous nous d\u00e9pla\u00e7ons sur la r\u00e9gion de Bruxelles-Capitale.<\/p>\n[\/vc_column_text]<div class=\"vcex-spacing wpex-w-100 wpex-clear\" style=\"height:45px\"><\/div>[vc_single_image image=\u00a0\u00bb81&Prime;]<div class=\"vcex-spacing wpex-w-100 wpex-clear\" style=\"height:45px\"><\/div>[vc_column_text color=\u00a0\u00bb#ffffff\u00a0\u00bb font_size=\u00a0\u00bb18&Prime;]\n<p style=\"text-align: center;\">N\u2019h\u00e9sitez pas \u00e0 nous appeler au<\/p>\n[\/vc_column_text]<div class=\"vcex-spacing wpex-w-100 wpex-clear\" style=\"height:45px\"><\/div><div class=\"textcenter theme-button-wrap wpex-clr\"><a href=\"tel:0472538899\" class=\"vcex-button theme-button pink align-center inline margin-right-10px\" style=\"background:#833962;font-size:25px;font-weight:400;letter-spacing:1px;\" data-wpex-hover='{&quot;background&quot;:&quot;#824161&quot;}'><span class=\"theme-button-inner\"><span class=\"vcex-icon-wrap theme-button-icon-left\"><span class=\"ticon ticon-phone\" aria-hidden=\"true\"><\/span><\/span>0472 53 88 99<\/span><\/a><\/div> <div class=\"vcex-spacing wpex-w-100 wpex-clear hidden-phone\" style=\"height:45px\"><\/div>[\/vc_column][\/vc_row][vc_row content_placement=\u00a0\u00bbmiddle\u00a0\u00bb center_row=\u00a0\u00bbyes\u00a0\u00bb css=\u00a0\u00bb.vc_custom_1489541757535{padding-top: 40px !important;padding-bottom: 40px !important;}\u00a0\u00bb local_scroll_id=\u00a0\u00bbmembership\u00a0\u00bb][vc_column width=\u00a0\u00bb1\/2&Prime;][vc_single_image image=\u00a0\u00bb87&Prime;][\/vc_column][vc_column width=\u00a0\u00bb1\/2&Prime;]<h2 class=\"vcex-heading vcex-module wpex-text-2xl wpex-font-normal wpex-m-auto wpex-max-w-100 vcex-heading-bottom-border-w-color wpex-block vc_custom_1617658182857 wpex-border-b-2 wpex-border-solid wpex-border-gray-200\" style=\"font-size:24px;\"><span class=\"vcex-heading-inner wpex-inline-block wpex-clr wpex-relative wpex-pb-5 wpex-border-b-2 wpex-border-solid wpex-border-accent\" style=\"border-color:#f0672f;\">Un apiculteur peut r\u00e9cup\u00e9rer un essaim d'abeille \u00e0 Bruxelles<span class=\"vcex-icon-wrap wpex-ml-15\"><span class=\"ticon ticon-forumbee\" aria-hidden=\"true\"><\/span><\/span><\/span><\/h2>[vc_column_text]Want to come to our zoo all year long? We&rsquo;d love to see you! So sign up for a membership. With a Local Zoo membership you&rsquo;ll receive all of the following<\/p>\n<ul>\n<li>Yearly Membership<\/li>\n<li>5% Discount on Tours<\/li>\n<li>10% Discount at Gift Shop<\/li>\n<li>20% Discount at Food Court<\/li>\n<li>Exclusive Member Newsletter<\/li>\n<li>Early Notification of\u00a0Events<\/li>\n<li>Upgrade to Sponsor an Animal!<\/li>\n<\/ul>\n[\/vc_column_text]<div class=\"vcex-spacing wpex-w-100 wpex-clear\" style=\"height:20px\"><\/div><a href=\"http:\/\/themeforest.net\/item\/total-responsive-multipurpose-wordpress-theme\/6339019?ref=WPExplorer\" title=\"Join Today\" class=\"vcex-button theme-button medium inline\" target=\"_blank\" style=\"background:#a5c645;letter-spacing:1px;\" rel=\"noopener noreferrer\" data-wpex-hover='{&quot;background&quot;:&quot;#8db23e&quot;}'><span class=\"theme-button-inner\">Join Today<\/span><\/a> [\/vc_column][\/vc_row][vc_row full_width=\u00a0\u00bbstretch_row\u00a0\u00bb css=\u00a0\u00bb.vc_custom_1489541474365{background-color: #f0672f !important;}\u00a0\u00bb local_scroll_id=\u00a0\u00bbsponsorship\u00a0\u00bb][vc_column]<div class=\"vcex-spacing wpex-w-100 wpex-clear\" style=\"height:30px\"><\/div><div class=\"vcex-spacing wpex-w-100 wpex-clear hidden-phone\" style=\"height:45px\"><\/div><h2 class=\"vcex-heading vcex-module wpex-text-2xl wpex-font-normal wpex-m-auto wpex-max-w-100 vcex-heading-plain wpex-block wpex-text-center vc_custom_1489708288675\" style=\"color:#ffffff;font-size:28px;\"><span class=\"vcex-heading-inner wpex-inline-block wpex-clr\">Support your favorite animal with a Sponsorship<\/span><\/h2>[vc_column_text color=\u00a0\u00bb#ffffff\u00a0\u00bb]\n<p style=\"text-align: center;\">We have many residents here at our zoo and we appreciate your support via tickets, food sales and gift shop purchases. But if you want to really help your favorite animal you can become one of their Sponsors! Contact our donations department to make your gift and we&rsquo;ll put your name on the enclosure plaque as well as invite you to exclusive behind the scenes animal encounters.<\/p>\n[\/vc_column_text]<div class=\"vcex-spacing wpex-w-100 wpex-clear\" style=\"height:30px\"><\/div><div class=\"textcenter theme-button-wrap wpex-clr\"><a href=\"http:\/\/themeforest.net\/item\/total-responsive-multipurpose-wordpress-theme\/6339019?ref=WPExplorer\" title=\"Become an Animal Sponsor\" class=\"vcex-button theme-button outline white medium align-center inline\" target=\"_blank\" style=\"letter-spacing:1px;\" rel=\"noopener noreferrer\" data-wpex-hover='{&quot;color&quot;:&quot;#f0672f&quot;}'><span class=\"theme-button-inner\">Become an Animal Sponsor<\/span><\/a><\/div> <div class=\"vcex-spacing wpex-w-100 wpex-clear hidden-phone\" style=\"height:45px\"><\/div>[\/vc_column][\/vc_row][vc_row center_row=\u00a0\u00bbyes\u00a0\u00bb local_scroll_id=\u00a0\u00bbtours\u00a0\u00bb][vc_column]<div class=\"vcex-spacing wpex-w-100 wpex-clear\" style=\"height:30px\"><\/div><div class=\"vcex-spacing wpex-w-100 wpex-clear hidden-phone\" style=\"height:45px\"><\/div><h2 class=\"vcex-heading vcex-module wpex-text-2xl wpex-font-normal wpex-m-auto wpex-max-w-100 vcex-heading-plain wpex-block wpex-text-center vc_custom_1489708295504\" style=\"font-size:28px;\"><span class=\"vcex-heading-inner wpex-inline-block wpex-clr\">Learn more about our animals Behind The Scenes<\/span><\/h2>[vc_column_text]\n<p style=\"text-align: center;\">Want to know what we feed our residents each day? Or maybe you want to help pick out the toys for one of our more active animal guests? With our \u00ab\u00a0Behind The Scenes\u00a0\u00bb tours you&rsquo;ll be guided by one of our talent zookeepers as they teach you about animal nutrition, enrichment or habitats. Space is limited so be sure to call at least 24 hours in advance\u00a0to make your\u00a0reservation.<\/p>\n[\/vc_column_text][\/vc_column][\/vc_row][vc_row center_row=\u00a0\u00bbyes\u00a0\u00bb css=\u00a0\u00bb.vc_custom_1489541548333{margin-top: 30px !important;margin-bottom: 50px !important;}\u00a0\u00bb][vc_column width=\u00a0\u00bb1\/3&Prime;][vc_single_image image=\u00a0\u00bb33&Prime; alignment=\u00a0\u00bbcenter\u00a0\u00bb][\/vc_column][vc_column width=\u00a0\u00bb1\/3&Prime;][vc_single_image image=\u00a0\u00bb32&Prime; alignment=\u00a0\u00bbcenter\u00a0\u00bb][\/vc_column][vc_column width=\u00a0\u00bb1\/3&Prime;][vc_single_image image=\u00a0\u00bb34&Prime; alignment=\u00a0\u00bbcenter\u00a0\u00bb][\/vc_column][\/vc_row][vc_row full_width=\u00a0\u00bbstretch_row\u00a0\u00bb css=\u00a0\u00bb.vc_custom_1489541489993{background-color: #a5c645 !important;}\u00a0\u00bb local_scroll_id=\u00a0\u00bbcontact\u00a0\u00bb][vc_column css=\u00a0\u00bb.vc_custom_1489541718736{margin-bottom: 0px !important;}\u00a0\u00bb]<div class=\"vcex-spacing wpex-w-100 wpex-clear\" style=\"height:30px\"><\/div><div class=\"vcex-spacing wpex-w-100 wpex-clear hidden-phone\" style=\"height:45px\"><\/div><h2 class=\"vcex-heading vcex-module wpex-text-2xl wpex-font-normal wpex-m-auto wpex-max-w-100 vcex-heading-plain wpex-block wpex-text-center\" style=\"color:#ffffff;font-size:28px;\"><span class=\"vcex-heading-inner wpex-inline-block wpex-clr\">Join the Flock<\/span><\/h2><div class=\"vcex-heading vcex-module wpex-text-2xl wpex-font-normal wpex-m-auto wpex-max-w-100 vcex-heading-plain wpex-block wpex-text-center vc_custom_1466554626213\" style=\"color:#f9ca26;font-size:24px;\"><span class=\"vcex-heading-inner wpex-inline-block wpex-clr\">Connect with us via Social Media!<\/span><\/div>[vc_column_text color=\u00a0\u00bb#ffffff\u00a0\u00bb]\n<p style=\"text-align: center;\">We&rsquo;re on social media &#8211; so feel free follow us and send us a tweet, message or just a good ole&rsquo; thumbs up!<br \/>\nShare photos from your experience visiting our Zoom and stay in the loop for any upcoming events.<\/p>\n[\/vc_column_text]<div class=\"vcex-spacing wpex-w-100 wpex-clear\" style=\"height:30px\"><\/div><div class=\"vcex-module wpex-social-btns vcex-social-btns textcenter wpex-last-mr-0\" style=\"font-size:24px;\"><\/div><div class=\"vcex-spacing wpex-w-100 wpex-clear\" style=\"height:54px\"><\/div>[vc_single_image image=\u00a0\u00bb50&Prime;][\/vc_column][\/vc_row][vc_row full_width=\u00a0\u00bbstretch_row\u00a0\u00bb wpex_bg_overlay=\u00a0\u00bbdark\u00a0\u00bb css=\u00a0\u00bb.vc_custom_1617657549316{padding-top: 100px !important;padding-bottom: 60px !important;background: #000000 url(https:\/\/www.sosessaimbruxelles.be\/wp-content\/uploads\/2021\/04\/abeilles-bruxellest.jpg?id=84) !important;background-position: center !important;background-repeat: no-repeat !important;background-size: cover !important;}\u00a0\u00bb local_scroll_id=\u00a0\u00bbsponsorship\u00a0\u00bb wpex_bg_overlay_color=\u00a0\u00bb#000000&Prime; wpex_bg_overlay_opacity=\u00a0\u00bb0.2&Prime;][vc_column]<div class=\"vcex-heading vcex-module wpex-text-2xl wpex-font-normal wpex-m-auto wpex-max-w-100 vcex-heading-plain wpex-block wpex-text-center\" style=\"color:#ffffff;font-size:28px;\"><span class=\"vcex-heading-inner wpex-inline-block wpex-clr\">Contactez-nous rapidement pour que nous venions sauver les abeilles aujourd\u2019hui!!!<\/span><\/div>[\/vc_column][\/vc_row]\n","protected":false},"excerpt":{"rendered":"<p>[vc_row full_width=\u00a0\u00bbstretch_row\u00a0\u00bb parallax=\u00a0\u00bbvcex_parallax\u00a0\u00bb parallax_image=\u00a0\u00bb73&Prime; parallax_style=\u00a0\u00bbfixed-no-repeat\u00a0\u00bb parallax_direction=\u00a0\u00bbdown\u00a0\u00bb wpex_bg_overlay=\u00a0\u00bbdark\u00a0\u00bb css=\u00a0\u00bb.vc_custom_1617551074519{padding-top: 100px !important;padding-bottom: 100px !important;background-position: center;background-repeat: no-repeat !important;background-size: cover !important;}\u00a0\u00bb el_class=\u00a0\u00bbtextcenter\u00a0\u00bb local_scroll_id=\u00a0\u00bbwelcome\u00a0\u00bb wpex_bg_overlay_color=\u00a0\u00bb#000000&Prime; wpex_bg_overlay_opacity=\u00a0\u00bb0.4&Prime;][vc_column][vc_column_text color=\u00a0\u00bb#ffffff\u00a0\u00bb font_size=\u00a0\u00bb28&Prime;] Vous avez rep\u00e9r\u00e9 un essaim d\u2019abeilles pr\u00e8s de chez vous ? Nous le r\u00e9cup\u00e9rons gratuitement&#8230; Ne d\u00e9truisez&hellip;<\/p>\n","protected":false},"author":1,"featured_media":0,"parent":0,"menu_order":0,"comment_status":"closed","ping_status":"closed","template":"","meta":[],"_links":{"self":[{"href":"https:\/\/www.sosessaimbruxelles.be\/index.php?rest_route=\/wp\/v2\/pages\/52"}],"collection":[{"href":"https:\/\/www.sosessaimbruxelles.be\/index.php?rest_route=\/wp\/v2\/pages"}],"about":[{"href":"https:\/\/www.sosessaimbruxelles.be\/index.php?rest_route=\/wp\/v2\/types\/page"}],"author":[{"embeddable":true,"href":"https:\/\/www.sosessaimbruxelles.be\/index.php?rest_route=\/wp\/v2\/users\/1"}],"replies":[{"embeddable":true,"href":"https:\/\/www.sosessaimbruxelles.be\/index.php?rest_route=%2Fwp%2Fv2%2Fcomments&post=52"}],"version-history":[{"count":2,"href":"https:\/\/www.sosessaimbruxelles.be\/index.php?rest_route=\/wp\/v2\/pages\/52\/revisions"}],"predecessor-version":[{"id":72,"href":"https:\/\/www.sosessaimbruxelles.be\/index.php?rest_route=\/wp\/v2\/pages\/52\/revisions\/72"}],"wp:attachment":[{"href":"https:\/\/www.sosessaimbruxelles.be\/index.php?rest_route=%2Fwp%2Fv2%2Fmedia&parent=52"}],"curies":[{"name":"wp","href":"https:\/\/api.w.org\/{rel}","templated":true}]}}